{"id":16,"date":"2025-01-27T08:51:21","date_gmt":"2025-01-27T07:51:21","guid":{"rendered":"https:\/\/assistenciallleida.adrirodrigom2.es\/?page_id=16"},"modified":"2025-07-10T08:43:05","modified_gmt":"2025-07-10T06:43:05","slug":"avis-legal","status":"publish","type":"page","link":"https:\/\/assistenciallleida.adrirodrigom2.es\/es\/avis-legal\/","title":{"rendered":"Aviso Legal"},"content":{"rendered":"<p>El present av\u00eds legal (d&#8217;ara endavant, l'&#8221;Av\u00eds Legal&#8221;) regula l&#8217;\u00fas del servei del portal d&#8217;Internet www.asistencial-lleida.cat (d&#8217;ara endavant, el &#8220;Web&#8221;) de ROLANDO ANDRES CASTRO BLAS amb domicili social en C\/ RAMON LLUL N\u00ba12, 2-1, LLEIDA, 25004, LLEIDA amb CIF X4314272R.<\/p>\n<p><strong>Legislaci\u00f3<\/strong><\/p>\n<p>Amb car\u00e0cter general les relacions entre ROLANDO ANDRES CASTRO BLAS amb els Usuaris dels seus serveis telem\u00e0tics, presents en la web, es troben sotmeses a la legislaci\u00f3 i jurisdicci\u00f3 espanyoles.<\/p>\n<p>Les parts renuncien expressament al fur que els pogu\u00e9s correspondre i sotmeten expressament als Jutjats i Tribunals de LLEIDA per a resoldre qualsevol controv\u00e8rsia que pugui sorgir en la interpretaci\u00f3 o execuci\u00f3 de les presents condicions contractuals.<\/p>\n<p><strong>Contingut i \u00fas<\/strong><\/p>\n<p>L&#8217;Usuari queda informat, i accepta, que l&#8217;acc\u00e9s a la present web no suposa, de cap manera, l&#8217;inici d&#8217;una relaci\u00f3 comercial amb ROLANDO ANDRES CASTRO BLAS.<\/p>\n<p>El titular del web no s&#8217;identifica amb les opinions abocades en el mateix pels seus col\u00b7laboradors. L&#8217;Empresa es reserva el dret d&#8217;efectuar sense previ av\u00eds les modificacions que consideri oportunes en el seu Web, podent canviar, suprimir o afegir tant els continguts i serveis que es prestin a trav\u00e9s de la mateixa com la forma en la qual aquests apareguin presentats o localitzats en els seus servidors.<\/p>\n<p><strong>Propietat intel\u00b7lectual i industrial<\/strong><\/p>\n<p>Els drets de propietat intel\u00b7lectual del contingut de les p\u00e0gines web, el seu disseny gr\u00e0fic i codis s\u00f3n titularitat de ROLANDO ANDRES CASTRO BLAS i, per tant, queda prohibida la seva reproducci\u00f3, distribuci\u00f3, comunicaci\u00f3 p\u00fablica, transformaci\u00f3 o qualsevol altra activitat que es pugui realitzar amb els continguts de les seves p\u00e0gines web ni fins i tot citant les fonts, excepte consentiment per escrit de ROLANDO ANDRES CASTRO BLAS. Tots els noms comercials, marques o signes diferents de qualsevol classe continguts en les p\u00e0gines web de l&#8217;Empresa s\u00f3n propietat dels seus amos i estan protegits per llei.<\/p>\n<p><strong>Enlla\u00e7os (Links)<\/strong><\/p>\n<p>La pres\u00e8ncia d&#8217;enlla\u00e7os (links) en les p\u00e0gines web de ROLANDO ANDRES CASTRO BLAS t\u00e9 finalitat merament informativa i en cap cas suposa suggeriment, invitaci\u00f3 o recomanaci\u00f3 sobre aquests.<\/p>\n<p><strong>Confidencialitat i Protecci\u00f3 de Dades<\/strong><\/p>\n<p>A efecte del que es preveu en RGPD de 27 d&#8217;abril de 2016, ROLANDO ANDRES CASTRO BLAS informa l&#8217;Usuari de l&#8217;exist\u00e8ncia d&#8217;un tractament automatitzat de dades de car\u00e0cter personal creat per i per a ROLANDO ANDRES CASTRO BLAS i sota la seva responsabilitat, amb la finalitat de realitzar el manteniment i gesti\u00f3 de la relaci\u00f3 amb l&#8217;Usuari, aix\u00ed com les labors d&#8217;informaci\u00f3. En el moment de l&#8217;acceptaci\u00f3 de les presents condicions generals, ROLANDO ANDRES CASTRO BLAS precisar\u00e0 de l&#8217;Usuari la recollida d&#8217;unes dades imprescindibles per a la prestaci\u00f3 dels seus serveis.<\/p>\n<p><strong>Registre de fitxers i formularis<\/strong><\/p>\n<p>L&#8217;emplenament del formulari de registre \u00e9s obligat\u00f2ria per a accedir i gaudir de determinats serveis oferts en la web. El no facilitar les dades personals sol\u00b7licitades o el no acceptar la present pol\u00edtica de protecci\u00f3 de dades suposa la impossibilitat de subscriure&#8217;s, registrar-se o participar en qualsevol de les promocions en les quals se sol\u00b7licitin dades car\u00e0cter personal.<\/p>\n<p>A efecte del que es preveu en RGPD de 27 d&#8217;abril de 2016, l&#8217;informem que les dades personals que s&#8217;obtinguin a conseq\u00fc\u00e8ncia del seu registre com a Usuari, seran incorporats a un fitxer titularitat de ROLANDO ANDRES CASTRO BLAS amb C.I.F X4314272R i domicili en C\/ RAMON *LLUL *N\u00ba12, 2-1, LLEIDA, 25004, LLEIDA, tenint implementades les mesures de seguretat establertes en el Reial decret 1720\/2007, d&#8217;11 de juny.<\/p>\n<p><strong>Exactitud i veracitat de les dades facilitades<\/strong><\/p>\n<p>L&#8217;Usuari \u00e9s l&#8217;\u00fanic responsable de la veracitat i correcci\u00f3 de les dades incloses, exonerant-se ROLANDO ANDRES CASTRO BLAS de qualsevol responsabilitat sobre aquest tema. Els usuaris garanteixen i responen, en qualsevol cas, de l&#8217;exactitud, vig\u00e8ncia i autenticitat de les dades personals facilitades, i es comprometen a mantenir-los degudament actualitzats. L&#8217;usuari accepta proporcionar informaci\u00f3 completa i correcta en el formulari de registre o subscripci\u00f3. ROLANDO ANDRES CASTRO BLAS no respon de la veracitat de les informacions que no siguin d&#8217;elaboraci\u00f3 pr\u00f2pia i de les quals s&#8217;indiqui una altra font, per la qual cosa tampoc assumeix cap responsabilitat quant a hipot\u00e8tics perjudicis que poguessin originar-se per l&#8217;\u00fas d&#8217;aquesta informaci\u00f3. \u00a0ROLANDO ANDRES CASTRO BLAS es reserva el dret a actualitzar, modificar o eliminar la informaci\u00f3 continguda en les seves p\u00e0gines web podent fins i tot limitar o no permetre l&#8217;acc\u00e9s a aquesta informaci\u00f3. S&#8217;exonera a ROLANDO ANDRES CASTRO BLAS de responsabilitat davant qualsevol mal o perjudici que pogu\u00e9s sofrir l&#8217;Usuari a conseq\u00fc\u00e8ncia d&#8217;errors, defectes o omissions, en la informaci\u00f3 facilitada per ROLANDO ANDRES CASTRO BLAS sempre que procedeixi de fonts alienes a ROLANDO ANDRES CASTRO BLAS.<\/p>\n<p><strong>Menors d&#8217;edat<\/strong><\/p>\n<p>En el sup\u00f2sit que alguns dels nostres serveis vagin dirigits espec\u00edficament a menors d&#8217;edat, ROLANDO ANDRES CASTRO BLAS sol\u00b7licitar\u00e0 la conformitat dels pares o tutors per a la recollida de les dades personals o, en el seu cas, per al tractament automatitzat de les dades.<\/p>\n<p>Cessi\u00f3 de dades a tercers<\/p>\n<p>ROLANDO ANDRES CASTRO BLAS no realitzar\u00e0 cessi\u00f3 de dades dels usuaris a tercers.<\/p>\n<p>Exercici de drets d&#8217;acc\u00e9s, rectificaci\u00f3, cancel\u00b7laci\u00f3 i oposici\u00f3<\/p>\n<p>Podr\u00e0 dirigir les seves comunicacions i exercitar els drets d&#8217;acc\u00e9s, rectificaci\u00f3, supressi\u00f3, limitaci\u00f3, portabilitat i oposici\u00f3 en l&#8217;adre\u00e7a d&#8217;Internet a www.asistencial-lleida.cat o b\u00e9 per correu ordinari dirigit a ROLANDO ANDRES CASTRO BLAS, Ref. RGPD, en C\/ RAMON LLUL N\u00ba12, 2-1, LLEIDA, 25004, LLEIDA. Per a exercir aquests drets \u00e9s necessari que vost\u00e8 acrediti la seva personalitat enfront de ROLANDO ANDRES CASTRO BLAS mitjan\u00e7ant l&#8217;enviament de fotoc\u00f2pia de Document Nacional d&#8217;Identitat o qualsevol altre mitj\u00e0 v\u00e0lid en Dret. No obstant aix\u00f2, la modificaci\u00f3 o rectificaci\u00f3 de les seves dades de registre es podr\u00e0 realitzar en el propi Site identificant-se, pr\u00e8viament, amb el seu usuari i contrasenya.<\/p>\n<p><strong>Mesures de seguretat<\/strong><\/p>\n<p>ROLANDO ANDRES CASTRO BLAS \u00a0\u00a0ha adoptat els nivells de seguretat de protecci\u00f3 de les Dades Personals legalment requerides, i procuren instal\u00b7lar aquells altres mitjans i mesures t\u00e8cniques addicionals al seu abast per a evitar la p\u00e8rdua, mal \u00fas, alteraci\u00f3, acc\u00e9s no autoritzat i robatori de les Dades Personals facilitades a ROLANDO ANDRES CASTRO BLAS no ser\u00e0 responsable de possibles danys o perjudicis que es poguessin derivar d&#8217;interfer\u00e8ncies, omissions, interrupcions, virus inform\u00e0tics, avaries telef\u00f2niques o desconnexions en el funcionament operatiu d&#8217;aquest sistema electr\u00f2nic, motivades per causes alienes a ROLANDO ANDRES CASTRO BLAS; de retards o bloquejos en l&#8217;\u00fas del present sistema electr\u00f2nic causats per defici\u00e8ncies o sobrec\u00e0rregues de l\u00ednies telef\u00f2niques o sobrec\u00e0rregues en el Centre de Procesaments de dades, en el sistema d&#8217;Internet o en altres sistemes electr\u00f2nics, aix\u00ed com de danys que puguin ser causats per terceres persones mitjan\u00e7ant intromissions il\u00b7leg\u00edtimes fora del control de ROLANDO ANDRES CASTRO BLAS. Aix\u00f2, no obstant aix\u00f2, l&#8217;Usuari ha de ser conscient que les mesures de seguretat en Internet no s\u00f3n inexpugnables.<\/p>\n<p><strong>Acceptaci\u00f3 i consentiment<\/strong><\/p>\n<p>L&#8217;usuari declara haver estat informat de les condicions sobre protecci\u00f3 de dades personals, acceptant i consentint el tractament automatitzat dels mateixos per part de ROLANDO ANDRES CASTRO BLAS, en la forma i per a les finalitats indicades en la present Pol\u00edtica de Protecci\u00f3 de Dades Personals. Uns certs serveis prestats en el Portal poden contenir condicions particulars amb previsions espec\u00edfiques en mat\u00e8ria de protecci\u00f3 de Dades Personals.<\/p>","protected":false},"excerpt":{"rendered":"<p>El present av\u00eds legal (d&#8217;ara endavant, l&#8217;&#8221;Av\u00eds Legal&#8221;) regula l&#8217;\u00fas del servei del portal d&#8217;Internet www.asistencial-lleida.cat (d&#8217;ara endavant, el &#8220;Web&#8221;) de ROLANDO ANDRES CASTRO BLAS amb domicili social en C\/ RAMON LLUL N\u00ba12, 2-1, LLEIDA, 25004, LLEIDA amb CIF X4314272R. Legislaci\u00f3 Amb car\u00e0cter general les relacions entre ROLANDO ANDRES CASTRO BLAS amb els Usuaris dels [&hellip;]<\/p>\n","protected":false},"author":2,"featured_media":0,"parent":0,"menu_order":0,"comment_status":"closed","ping_status":"closed","template":"","meta":{"footnotes":""},"class_list":["post-16","page","type-page","status-publish","hentry"],"yoast_head":"<!-- This site is optimized with the Yoast SEO plugin v27.4 - https:\/\/yoast.com\/product\/yoast-seo-wordpress\/ -->\n<title>Avis Legal - Assist\u00e8ncia Per A Persones, transport adaptat - Assistencial Lleida<\/title>\n<meta name=\"robots\" content=\"noindex, follow\" \/>\n<meta property=\"og:locale\" content=\"es_ES\" \/>\n<meta property=\"og:type\" content=\"article\" \/>\n<meta property=\"og:title\" content=\"Avis Legal - Assist\u00e8ncia Per A Persones, transport adaptat - Assistencial Lleida\" \/>\n<meta property=\"og:description\" content=\"El present av\u00eds legal (d&#8217;ara endavant, l&#039;&#8221;Av\u00eds Legal&#8221;) regula l&#8217;\u00fas del servei del portal d&#8217;Internet www.asistencial-lleida.cat (d&#8217;ara endavant, el &#8220;Web&#8221;) de ROLANDO ANDRES CASTRO BLAS amb domicili social en C\/ RAMON LLUL N\u00ba12, 2-1, LLEIDA, 25004, LLEIDA amb CIF X4314272R. Legislaci\u00f3 Amb car\u00e0cter general les relacions entre ROLANDO ANDRES CASTRO BLAS amb els Usuaris dels [&hellip;]\" \/>\n<meta property=\"og:url\" content=\"https:\/\/assistenciallleida.adrirodrigom2.es\/es\/avis-legal\/\" \/>\n<meta property=\"og:site_name\" content=\"Assist\u00e8ncia Per A Persones, transport adaptat - Assistencial Lleida\" \/>\n<meta property=\"article:modified_time\" content=\"2025-07-10T06:43:05+00:00\" \/>\n<meta name=\"twitter:card\" content=\"summary_large_image\" \/>\n<meta name=\"twitter:label1\" content=\"Tiempo de lectura\" \/>\n\t<meta name=\"twitter:data1\" content=\"6 minutos\" \/>\n<script type=\"application\/ld+json\" class=\"yoast-schema-graph\">{\"@context\":\"https:\\\/\\\/schema.org\",\"@graph\":[{\"@type\":\"WebPage\",\"@id\":\"https:\\\/\\\/assistenciallleida.adrirodrigom2.es\\\/avis-legal\\\/\",\"url\":\"https:\\\/\\\/assistenciallleida.adrirodrigom2.es\\\/avis-legal\\\/\",\"name\":\"Avis Legal - Assist\u00e8ncia Per A Persones, transport adaptat - Assistencial Lleida\",\"isPartOf\":{\"@id\":\"https:\\\/\\\/assistenciallleida.adrirodrigom2.es\\\/#website\"},\"datePublished\":\"2025-01-27T07:51:21+00:00\",\"dateModified\":\"2025-07-10T06:43:05+00:00\",\"breadcrumb\":{\"@id\":\"https:\\\/\\\/assistenciallleida.adrirodrigom2.es\\\/avis-legal\\\/#breadcrumb\"},\"inLanguage\":\"es\",\"potentialAction\":[{\"@type\":\"ReadAction\",\"target\":[\"https:\\\/\\\/assistenciallleida.adrirodrigom2.es\\\/avis-legal\\\/\"]}]},{\"@type\":\"BreadcrumbList\",\"@id\":\"https:\\\/\\\/assistenciallleida.adrirodrigom2.es\\\/avis-legal\\\/#breadcrumb\",\"itemListElement\":[{\"@type\":\"ListItem\",\"position\":1,\"name\":\"Portada\",\"item\":\"https:\\\/\\\/assistenciallleida.adrirodrigom2.es\\\/\"},{\"@type\":\"ListItem\",\"position\":2,\"name\":\"Avis Legal\"}]},{\"@type\":\"WebSite\",\"@id\":\"https:\\\/\\\/assistenciallleida.adrirodrigom2.es\\\/#website\",\"url\":\"https:\\\/\\\/assistenciallleida.adrirodrigom2.es\\\/\",\"name\":\"Assist\u00e8ncia Per A Persones, transport adaptat - Assistencial Lleida\",\"description\":\"\",\"potentialAction\":[{\"@type\":\"SearchAction\",\"target\":{\"@type\":\"EntryPoint\",\"urlTemplate\":\"https:\\\/\\\/assistenciallleida.adrirodrigom2.es\\\/?s={search_term_string}\"},\"query-input\":{\"@type\":\"PropertyValueSpecification\",\"valueRequired\":true,\"valueName\":\"search_term_string\"}}],\"inLanguage\":\"es\"}]}<\/script>\n<!-- \/ Yoast SEO plugin. -->","yoast_head_json":{"title":"Avis Legal - Assist\u00e8ncia Per A Persones, transport adaptat - Assistencial Lleida","robots":{"index":"noindex","follow":"follow"},"og_locale":"es_ES","og_type":"article","og_title":"Avis Legal - Assist\u00e8ncia Per A Persones, transport adaptat - Assistencial Lleida","og_description":"El present av\u00eds legal (d&#8217;ara endavant, l'&#8221;Av\u00eds Legal&#8221;) regula l&#8217;\u00fas del servei del portal d&#8217;Internet www.asistencial-lleida.cat (d&#8217;ara endavant, el &#8220;Web&#8221;) de ROLANDO ANDRES CASTRO BLAS amb domicili social en C\/ RAMON LLUL N\u00ba12, 2-1, LLEIDA, 25004, LLEIDA amb CIF X4314272R. Legislaci\u00f3 Amb car\u00e0cter general les relacions entre ROLANDO ANDRES CASTRO BLAS amb els Usuaris dels [&hellip;]","og_url":"https:\/\/assistenciallleida.adrirodrigom2.es\/es\/avis-legal\/","og_site_name":"Assist\u00e8ncia Per A Persones, transport adaptat - Assistencial Lleida","article_modified_time":"2025-07-10T06:43:05+00:00","twitter_card":"summary_large_image","twitter_misc":{"Tiempo de lectura":"6 minutos"},"schema":{"@context":"https:\/\/schema.org","@graph":[{"@type":"WebPage","@id":"https:\/\/assistenciallleida.adrirodrigom2.es\/avis-legal\/","url":"https:\/\/assistenciallleida.adrirodrigom2.es\/avis-legal\/","name":"Avis Legal - Assist\u00e8ncia Per A Persones, transport adaptat - Assistencial Lleida","isPartOf":{"@id":"https:\/\/assistenciallleida.adrirodrigom2.es\/#website"},"datePublished":"2025-01-27T07:51:21+00:00","dateModified":"2025-07-10T06:43:05+00:00","breadcrumb":{"@id":"https:\/\/assistenciallleida.adrirodrigom2.es\/avis-legal\/#breadcrumb"},"inLanguage":"es","potentialAction":[{"@type":"ReadAction","target":["https:\/\/assistenciallleida.adrirodrigom2.es\/avis-legal\/"]}]},{"@type":"BreadcrumbList","@id":"https:\/\/assistenciallleida.adrirodrigom2.es\/avis-legal\/#breadcrumb","itemListElement":[{"@type":"ListItem","position":1,"name":"Portada","item":"https:\/\/assistenciallleida.adrirodrigom2.es\/"},{"@type":"ListItem","position":2,"name":"Avis Legal"}]},{"@type":"WebSite","@id":"https:\/\/assistenciallleida.adrirodrigom2.es\/#website","url":"https:\/\/assistenciallleida.adrirodrigom2.es\/","name":"Assist\u00e8ncia Per A Persones, transport adaptat - Assistencial Lleida","description":"","potentialAction":[{"@type":"SearchAction","target":{"@type":"EntryPoint","urlTemplate":"https:\/\/assistenciallleida.adrirodrigom2.es\/?s={search_term_string}"},"query-input":{"@type":"PropertyValueSpecification","valueRequired":true,"valueName":"search_term_string"}}],"inLanguage":"es"}]}},"_links":{"self":[{"href":"https:\/\/assistenciallleida.adrirodrigom2.es\/es\/wp-json\/wp\/v2\/pages\/16","targetHints":{"allow":["GET"]}}],"collection":[{"href":"https:\/\/assistenciallleida.adrirodrigom2.es\/es\/wp-json\/wp\/v2\/pages"}],"about":[{"href":"https:\/\/assistenciallleida.adrirodrigom2.es\/es\/wp-json\/wp\/v2\/types\/page"}],"author":[{"embeddable":true,"href":"https:\/\/assistenciallleida.adrirodrigom2.es\/es\/wp-json\/wp\/v2\/users\/2"}],"replies":[{"embeddable":true,"href":"https:\/\/assistenciallleida.adrirodrigom2.es\/es\/wp-json\/wp\/v2\/comments?post=16"}],"version-history":[{"count":4,"href":"https:\/\/assistenciallleida.adrirodrigom2.es\/es\/wp-json\/wp\/v2\/pages\/16\/revisions"}],"predecessor-version":[{"id":634,"href":"https:\/\/assistenciallleida.adrirodrigom2.es\/es\/wp-json\/wp\/v2\/pages\/16\/revisions\/634"}],"wp:attachment":[{"href":"https:\/\/assistenciallleida.adrirodrigom2.es\/es\/wp-json\/wp\/v2\/media?parent=16"}],"curies":[{"name":"wp","href":"https:\/\/api.w.org\/{rel}","templated":true}]}}