{"id":17,"date":"2025-01-27T08:51:41","date_gmt":"2025-01-27T07:51:41","guid":{"rendered":"https:\/\/assistenciallleida.adrirodrigom2.es\/?page_id=17"},"modified":"2025-07-10T08:42:20","modified_gmt":"2025-07-10T06:42:20","slug":"politiques-de-privacitat","status":"publish","type":"page","link":"https:\/\/assistenciallleida.adrirodrigom2.es\/es\/politiques-de-privacitat\/","title":{"rendered":"Pol\u00edticas de Privacidad"},"content":{"rendered":"<p>1. INFORMACI\u00d3 A l&#8217;USUARI<\/p>\n<p>SOL\u00b7LICITANTS D&#8217;INFORMACI\u00d3:<\/p>\n<p>Assistencial-lleida, d&#8217;ara endavant \u00e9s el Responsable del tractament de les dades personals de l&#8217;Usuari i l&#8217;informa que aquestes dades seran tractades de conformitat amb el que es disposa en el Reglament (UE) 2016\/679 de 27 d&#8217;abril (*GDPR) i la Llei org\u00e0nica 3\/2018 de 5 de desembre (*LOPDGDD), per la qual cosa se li facilita la seg\u00fcent informaci\u00f3 del tractament:<\/p>\n<p>Fi del tractament: mantenir una relaci\u00f3 de comunicaci\u00f3 amb l&#8217;Usuari. Les operacions previstes per a realitzar el tractament s\u00f3n:<\/p>\n<p>Remissi\u00f3 de comunicacions per email, fax, SMS, *MMS, comunitats socials o qualsevol altre mitj\u00e0 electr\u00f2nic o f\u00edsic, present o futur, que possibiliti realitzar comunicacions. Aquestes comunicacions seran realitzades pel RESPONSABLE i relacionades sobre els seus serveis, o dels seus col\u00b7laboradors o prove\u00efdors amb els quals aquest hagi aconseguit algun acord de promoci\u00f3. En aquest cas, els tercers mai tindran acc\u00e9s a les dades personals.<\/p>\n<p>Realitzar estudis estad\u00edstics.<\/p>\n<p>Tramitar enc\u00e0rrecs, sol\u00b7licituds o qualsevol tipus de petici\u00f3 que sigui realitzada per l&#8217;usuari a trav\u00e9s de qualsevol de les formes de contacte que es posen a la seva disposici\u00f3.<\/p>\n<p>Remetre el butllet\u00ed de not\u00edcies de la p\u00e0gina web.<\/p>\n<p>Gestionar la seva sol\u00b7licitud d&#8217;informaci\u00f3 mitjan\u00e7ant trucada telef\u00f2nica o enviament d&#8217;email.<\/p>\n<p>Base jur\u00eddica del tractament: consentiment de l&#8217;interessat.<\/p>\n<p>Criteris de conservaci\u00f3 de les dades: es conservaran durant no m\u00e9s temps del necessari per a mantenir la fi del tractament i quan ja no sigui necessari per a tal fi, se suprimiran amb mesures de seguretat adequades per a garantir la seguretat de les dades o la destrucci\u00f3 total d&#8217;aquests.<\/p>\n<p>Comunicaci\u00f3 de les dades: No es comunicaran les dades a tercers, excepte obligaci\u00f3 legal.<\/p>\n<p>Drets que assisteixen a l&#8217;Usuari:<\/p>\n<p>Dret a retirar el consentiment en qualsevol moment.<\/p>\n<p>Dret d&#8217;acc\u00e9s, rectificaci\u00f3, portabilitat i supressi\u00f3 de les seves dades i a la limitaci\u00f3 o oposici\u00f3 a l&#8217;el seu tractament.<br \/>\nDret a presentar una reclamaci\u00f3 davant l&#8217;autoritat de control (www.aepd.es) si considera que el tractament no s&#8217;ajusta a la normativa vigent.<\/p>\n<p>Dades de contacte per a exercir els seus drets:<\/p>\n<p>Assistencial-lleida. C\/Ramon Llull *N\u00ba12. 2-1 Lleida (Lleida).<br \/>\nEmail:\u00a0info@assistencial-lleida.cat<\/p>\n<p>Assistencial-lleida. \u00e9s el Responsable del tractament de les dades personals de l&#8217;Interessat i l&#8217;informa que aquestes dades seran tractades de conformitat amb el que es disposa en el Reglament (UE) 2016\/679 de 27 d&#8217;abril (*GDPR) i la Llei org\u00e0nica 3\/2018 de 5 de desembre (*LOPDGDD) per inter\u00e8s leg\u00edtim del Responsable, facilitant-li la seg\u00fcent informaci\u00f3 del tractament:<\/p>\n<p>Fi del tractament: fer part\u00edcip a l&#8217;Interessat en els processos de selecci\u00f3 de personal mitjan\u00e7ant una entrevista de treball i valoraci\u00f3 del seu curr\u00edculum, duent a terme una an\u00e0lisi del perfil del sol\u00b7licitant amb l&#8217;objectiu de seleccionar al millor candidat per als llocs vacants sol\u00b7licitats pels sol\u00b7licitants dels nostres serveis d&#8217;atenci\u00f3 domicili\u00e0ria.<\/p>\n<p>Legitimaci\u00f3 del tractament: consentiment expl\u00edcit de l&#8217;interessat.<\/p>\n<p>Criteris de conservaci\u00f3 de les dades: es conservaran durant un termini m\u00e0xim d&#8217;un any, transcorregut el qual es procedir\u00e0 a la supressi\u00f3 de les dades garantint-li un total respecte a la confidencialitat tant en el tractament com en la seva posterior destrucci\u00f3. En aquest sentit, transcorregut el citat termini, i si desitja continuar participant en els processos de selecci\u00f3 del Responsable, li preguem que ens remeti novament el seu curr\u00edculum.<\/p>\n<p>Actualitzaci\u00f3 de les dades: en cas de produir-se alguna modificaci\u00f3 en les seves dades, li preguem que ens ho comuniqui per escrit al m\u00e9s aviat possible, a fi de mantenir les seves dades degudament actualitzades.<\/p>\n<p>Comunicaci\u00f3 de les dades: Es comunicaran les seves dades als sol\u00b7licitants de la prestaci\u00f3 del servei per a la correcta elecci\u00f3 per la seva part d&#8217;acord amb les candidatures presentades.<\/p>\n<p>Drets que assisteixen a l&#8217;Interessat:<\/p>\n<p>Dret a retirar el consentiment en qualsevol moment.<\/p>\n<p>Dret d&#8217;acc\u00e9s, rectificaci\u00f3, portabilitat i supressi\u00f3 de les seves dades i a la limitaci\u00f3 o oposici\u00f3 al seu tractament.<br \/>\nDret a presentar una reclamaci\u00f3 davant l&#8217;Autoritat de control (www.aepd.es) si considera que el tractament no s&#8217;ajusta a la normativa vigent.<\/p>\n<p>2. CAR\u00c0CTER OBLIGATORI O FACULTATIU DE LA INFORMACI\u00d3 FACILITADA PER L&#8217;USUARI<\/p>\n<p>Els Usuaris, mitjan\u00e7ant la marcaci\u00f3 de les caselles corresponents i entrada de dades en els camps, marcats amb un asterisc (*) en el formulari de contacte o presentats en formularis de desc\u00e0rrega, accepten expressament i de manera lliure i inequ\u00edvoca, que les seves dades s\u00f3n necess\u00e0ries per a atendre la seva petici\u00f3, per part del prestador, sent volunt\u00e0ria la inclusi\u00f3 de dades en els camps restants. L&#8217;Usuari garanteix que les dades personals facilitades al RESPONSABLE s\u00f3n vera\u00e7os i es fa responsable de comunicar qualsevol modificaci\u00f3 d&#8217;aquests.<\/p>\n<p>RESPONSABLE informa i garanteix expressament als usuaris que les seves dades personals no seran cedits en cap cas a tercers, i que sempre que realitz\u00e9s algun tipus de cessi\u00f3 de dades personals, es demanar\u00e0 pr\u00e8viament el consentiment expr\u00e9s, informat i inequ\u00edvoc per part els Usuaris. Totes les dades sol\u00b7licitades a trav\u00e9s del lloc web s\u00f3n obligatoris, ja que s\u00f3n necessaris per a la prestaci\u00f3 d&#8217;un servei \u00f2ptim a l&#8217;Usuari. En cas que no siguin facilitats totes les dades, no es garanteix que la informaci\u00f3 i serveis facilitats siguin completament ajustats a les seves necessitats.<\/p>\n<p>3. MESURES DE SEGURETAT<\/p>\n<p>Que de conformitat amb el que es disposa en les normatives vigents en protecci\u00f3 de dades personals, el RESPONSABLE est\u00e0 complint amb totes les disposicions de les normatives *GDPR per al tractament de les dades personals de la seva responsabilitat, i manifestament amb els principis descrits en l&#8217;article 5 del *GDPR, pels quals s\u00f3n tractats de manera l\u00edcita, lleial i transparent en relaci\u00f3 amb l&#8217;interessat i adequats.<\/p>","protected":false},"excerpt":{"rendered":"<p>1. INFORMACI\u00d3 A l&#8217;USUARI SOL\u00b7LICITANTS D&#8217;INFORMACI\u00d3: Assistencial-lleida, d&#8217;ara endavant \u00e9s el Responsable del tractament de les dades personals de l&#8217;Usuari i l&#8217;informa que aquestes dades seran tractades de conformitat amb el que es disposa en el Reglament (UE) 2016\/679 de 27 d&#8217;abril (*GDPR) i la Llei org\u00e0nica 3\/2018 de 5 de desembre (*LOPDGDD), per la [&hellip;]<\/p>\n","protected":false},"author":2,"featured_media":0,"parent":0,"menu_order":0,"comment_status":"closed","ping_status":"closed","template":"","meta":{"footnotes":""},"class_list":["post-17","page","type-page","status-publish","hentry"],"yoast_head":"<!-- This site is optimized with the Yoast SEO plugin v27.4 - https:\/\/yoast.com\/product\/yoast-seo-wordpress\/ -->\n<title>Pol\u00edtiques De Privacitat - Assist\u00e8ncia Per A Persones, transport adaptat - Assistencial Lleida<\/title>\n<meta name=\"robots\" content=\"noindex, follow\" \/>\n<meta property=\"og:locale\" content=\"es_ES\" \/>\n<meta property=\"og:type\" content=\"article\" \/>\n<meta property=\"og:title\" content=\"Pol\u00edtiques De Privacitat - Assist\u00e8ncia Per A Persones, transport adaptat - Assistencial Lleida\" \/>\n<meta property=\"og:description\" content=\"1. INFORMACI\u00d3 A l&#8217;USUARI SOL\u00b7LICITANTS D&#8217;INFORMACI\u00d3: Assistencial-lleida, d&#8217;ara endavant \u00e9s el Responsable del tractament de les dades personals de l&#8217;Usuari i l&#8217;informa que aquestes dades seran tractades de conformitat amb el que es disposa en el Reglament (UE) 2016\/679 de 27 d&#8217;abril (*GDPR) i la Llei org\u00e0nica 3\/2018 de 5 de desembre (*LOPDGDD), per la [&hellip;]\" \/>\n<meta property=\"og:url\" content=\"https:\/\/assistenciallleida.adrirodrigom2.es\/es\/politiques-de-privacitat\/\" \/>\n<meta property=\"og:site_name\" content=\"Assist\u00e8ncia Per A Persones, transport adaptat - Assistencial Lleida\" \/>\n<meta property=\"article:modified_time\" content=\"2025-07-10T06:42:20+00:00\" \/>\n<meta name=\"twitter:card\" content=\"summary_large_image\" \/>\n<meta name=\"twitter:label1\" content=\"Tiempo de lectura\" \/>\n\t<meta name=\"twitter:data1\" content=\"5 minutos\" \/>\n<script type=\"application\/ld+json\" class=\"yoast-schema-graph\">{\"@context\":\"https:\\\/\\\/schema.org\",\"@graph\":[{\"@type\":\"WebPage\",\"@id\":\"https:\\\/\\\/assistenciallleida.adrirodrigom2.es\\\/politiques-de-privacitat\\\/\",\"url\":\"https:\\\/\\\/assistenciallleida.adrirodrigom2.es\\\/politiques-de-privacitat\\\/\",\"name\":\"Pol\u00edtiques De Privacitat - Assist\u00e8ncia Per A Persones, transport adaptat - Assistencial Lleida\",\"isPartOf\":{\"@id\":\"https:\\\/\\\/assistenciallleida.adrirodrigom2.es\\\/#website\"},\"datePublished\":\"2025-01-27T07:51:41+00:00\",\"dateModified\":\"2025-07-10T06:42:20+00:00\",\"breadcrumb\":{\"@id\":\"https:\\\/\\\/assistenciallleida.adrirodrigom2.es\\\/politiques-de-privacitat\\\/#breadcrumb\"},\"inLanguage\":\"es\",\"potentialAction\":[{\"@type\":\"ReadAction\",\"target\":[\"https:\\\/\\\/assistenciallleida.adrirodrigom2.es\\\/politiques-de-privacitat\\\/\"]}]},{\"@type\":\"BreadcrumbList\",\"@id\":\"https:\\\/\\\/assistenciallleida.adrirodrigom2.es\\\/politiques-de-privacitat\\\/#breadcrumb\",\"itemListElement\":[{\"@type\":\"ListItem\",\"position\":1,\"name\":\"Portada\",\"item\":\"https:\\\/\\\/assistenciallleida.adrirodrigom2.es\\\/\"},{\"@type\":\"ListItem\",\"position\":2,\"name\":\"Pol\u00edtiques De Privacitat\"}]},{\"@type\":\"WebSite\",\"@id\":\"https:\\\/\\\/assistenciallleida.adrirodrigom2.es\\\/#website\",\"url\":\"https:\\\/\\\/assistenciallleida.adrirodrigom2.es\\\/\",\"name\":\"Assist\u00e8ncia Per A Persones, transport adaptat - Assistencial Lleida\",\"description\":\"\",\"potentialAction\":[{\"@type\":\"SearchAction\",\"target\":{\"@type\":\"EntryPoint\",\"urlTemplate\":\"https:\\\/\\\/assistenciallleida.adrirodrigom2.es\\\/?s={search_term_string}\"},\"query-input\":{\"@type\":\"PropertyValueSpecification\",\"valueRequired\":true,\"valueName\":\"search_term_string\"}}],\"inLanguage\":\"es\"}]}<\/script>\n<!-- \/ Yoast SEO plugin. -->","yoast_head_json":{"title":"Pol\u00edtiques De Privacitat - Assist\u00e8ncia Per A Persones, transport adaptat - Assistencial Lleida","robots":{"index":"noindex","follow":"follow"},"og_locale":"es_ES","og_type":"article","og_title":"Pol\u00edtiques De Privacitat - Assist\u00e8ncia Per A Persones, transport adaptat - Assistencial Lleida","og_description":"1. INFORMACI\u00d3 A l&#8217;USUARI SOL\u00b7LICITANTS D&#8217;INFORMACI\u00d3: Assistencial-lleida, d&#8217;ara endavant \u00e9s el Responsable del tractament de les dades personals de l&#8217;Usuari i l&#8217;informa que aquestes dades seran tractades de conformitat amb el que es disposa en el Reglament (UE) 2016\/679 de 27 d&#8217;abril (*GDPR) i la Llei org\u00e0nica 3\/2018 de 5 de desembre (*LOPDGDD), per la [&hellip;]","og_url":"https:\/\/assistenciallleida.adrirodrigom2.es\/es\/politiques-de-privacitat\/","og_site_name":"Assist\u00e8ncia Per A Persones, transport adaptat - Assistencial Lleida","article_modified_time":"2025-07-10T06:42:20+00:00","twitter_card":"summary_large_image","twitter_misc":{"Tiempo de lectura":"5 minutos"},"schema":{"@context":"https:\/\/schema.org","@graph":[{"@type":"WebPage","@id":"https:\/\/assistenciallleida.adrirodrigom2.es\/politiques-de-privacitat\/","url":"https:\/\/assistenciallleida.adrirodrigom2.es\/politiques-de-privacitat\/","name":"Pol\u00edtiques De Privacitat - Assist\u00e8ncia Per A Persones, transport adaptat - Assistencial Lleida","isPartOf":{"@id":"https:\/\/assistenciallleida.adrirodrigom2.es\/#website"},"datePublished":"2025-01-27T07:51:41+00:00","dateModified":"2025-07-10T06:42:20+00:00","breadcrumb":{"@id":"https:\/\/assistenciallleida.adrirodrigom2.es\/politiques-de-privacitat\/#breadcrumb"},"inLanguage":"es","potentialAction":[{"@type":"ReadAction","target":["https:\/\/assistenciallleida.adrirodrigom2.es\/politiques-de-privacitat\/"]}]},{"@type":"BreadcrumbList","@id":"https:\/\/assistenciallleida.adrirodrigom2.es\/politiques-de-privacitat\/#breadcrumb","itemListElement":[{"@type":"ListItem","position":1,"name":"Portada","item":"https:\/\/assistenciallleida.adrirodrigom2.es\/"},{"@type":"ListItem","position":2,"name":"Pol\u00edtiques De Privacitat"}]},{"@type":"WebSite","@id":"https:\/\/assistenciallleida.adrirodrigom2.es\/#website","url":"https:\/\/assistenciallleida.adrirodrigom2.es\/","name":"Assist\u00e8ncia Per A Persones, transport adaptat - Assistencial Lleida","description":"","potentialAction":[{"@type":"SearchAction","target":{"@type":"EntryPoint","urlTemplate":"https:\/\/assistenciallleida.adrirodrigom2.es\/?s={search_term_string}"},"query-input":{"@type":"PropertyValueSpecification","valueRequired":true,"valueName":"search_term_string"}}],"inLanguage":"es"}]}},"_links":{"self":[{"href":"https:\/\/assistenciallleida.adrirodrigom2.es\/es\/wp-json\/wp\/v2\/pages\/17","targetHints":{"allow":["GET"]}}],"collection":[{"href":"https:\/\/assistenciallleida.adrirodrigom2.es\/es\/wp-json\/wp\/v2\/pages"}],"about":[{"href":"https:\/\/assistenciallleida.adrirodrigom2.es\/es\/wp-json\/wp\/v2\/types\/page"}],"author":[{"embeddable":true,"href":"https:\/\/assistenciallleida.adrirodrigom2.es\/es\/wp-json\/wp\/v2\/users\/2"}],"replies":[{"embeddable":true,"href":"https:\/\/assistenciallleida.adrirodrigom2.es\/es\/wp-json\/wp\/v2\/comments?post=17"}],"version-history":[{"count":5,"href":"https:\/\/assistenciallleida.adrirodrigom2.es\/es\/wp-json\/wp\/v2\/pages\/17\/revisions"}],"predecessor-version":[{"id":630,"href":"https:\/\/assistenciallleida.adrirodrigom2.es\/es\/wp-json\/wp\/v2\/pages\/17\/revisions\/630"}],"wp:attachment":[{"href":"https:\/\/assistenciallleida.adrirodrigom2.es\/es\/wp-json\/wp\/v2\/media?parent=17"}],"curies":[{"name":"wp","href":"https:\/\/api.w.org\/{rel}","templated":true}]}}