{"id":18,"date":"2025-01-27T08:52:13","date_gmt":"2025-01-27T07:52:13","guid":{"rendered":"https:\/\/assistenciallleida.adrirodrigom2.es\/?page_id=18"},"modified":"2025-07-10T08:42:37","modified_gmt":"2025-07-10T06:42:37","slug":"politiques-cookies","status":"publish","type":"page","link":"https:\/\/assistenciallleida.adrirodrigom2.es\/es\/politiques-cookies\/","title":{"rendered":"Pol\u00edticas Cookies"},"content":{"rendered":"<p>Una cookie s&#8217;un petit fitxer de text que s&#8217;emmagatzema el seu navegador quan visita casi qualsevol p\u00e0gina web.<\/p>\n<p>La seva utilitat \u00e9s que la web sigui capa\u00e7 de recordar la seva visita quan torni a navegar per aquesta p\u00e0gina. Les cookies solen emmagatzemar informaci\u00f3 de car\u00e0cter t\u00e8cnic, prefer\u00e8ncies personals, personalitzaci\u00f3 de continguts, estad\u00edstiques d&#8217;\u00fas, enlla\u00e7os a xarxes socials, acc\u00e9s a comptes d&#8217;usuari, etc.<\/p>\n<p>L&#8217;objectiu de la *cookie \u00e9s adaptar el contingut de la web al seu perfil i necessitats, sense cookies els serveis oferts per qualsevol p\u00e0gina es veurien minvats notablement.<\/p>\n<p>Si ho desitja, pot consultar m\u00e9s informaci\u00f3 sobre qu\u00e8 s\u00f3n les cookies, qu\u00e8 emmagatzemen, com eliminar-les, desactivar-les, etc. fent clic en el seg\u00fcent bot\u00f3.<\/p>","protected":false},"excerpt":{"rendered":"<p>Una cookie s&#8217;un petit fitxer de text que s&#8217;emmagatzema el seu navegador quan visita casi qualsevol p\u00e0gina web. La seva utilitat \u00e9s que la web sigui capa\u00e7 de recordar la seva visita quan torni a navegar per aquesta p\u00e0gina. Les cookies solen emmagatzemar informaci\u00f3 de car\u00e0cter t\u00e8cnic, prefer\u00e8ncies personals, personalitzaci\u00f3 de continguts, estad\u00edstiques d&#8217;\u00fas, enlla\u00e7os [&hellip;]<\/p>\n","protected":false},"author":2,"featured_media":0,"parent":0,"menu_order":0,"comment_status":"closed","ping_status":"closed","template":"","meta":{"footnotes":""},"class_list":["post-18","page","type-page","status-publish","hentry"],"yoast_head":"<!-- This site is optimized with the Yoast SEO plugin v27.4 - https:\/\/yoast.com\/product\/yoast-seo-wordpress\/ -->\n<title>Pol\u00edtiques Cookies - Assist\u00e8ncia Per A Persones, transport adaptat - Assistencial Lleida<\/title>\n<meta name=\"robots\" content=\"noindex, follow\" \/>\n<meta property=\"og:locale\" content=\"es_ES\" \/>\n<meta property=\"og:type\" content=\"article\" \/>\n<meta property=\"og:title\" content=\"Pol\u00edtiques Cookies - Assist\u00e8ncia Per A Persones, transport adaptat - Assistencial Lleida\" \/>\n<meta property=\"og:description\" content=\"Una cookie s&#8217;un petit fitxer de text que s&#8217;emmagatzema el seu navegador quan visita casi qualsevol p\u00e0gina web. La seva utilitat \u00e9s que la web sigui capa\u00e7 de recordar la seva visita quan torni a navegar per aquesta p\u00e0gina. Les cookies solen emmagatzemar informaci\u00f3 de car\u00e0cter t\u00e8cnic, prefer\u00e8ncies personals, personalitzaci\u00f3 de continguts, estad\u00edstiques d&#8217;\u00fas, enlla\u00e7os [&hellip;]\" \/>\n<meta property=\"og:url\" content=\"https:\/\/assistenciallleida.adrirodrigom2.es\/es\/politiques-cookies\/\" \/>\n<meta property=\"og:site_name\" content=\"Assist\u00e8ncia Per A Persones, transport adaptat - Assistencial Lleida\" \/>\n<meta property=\"article:modified_time\" content=\"2025-07-10T06:42:37+00:00\" \/>\n<meta name=\"twitter:card\" content=\"summary_large_image\" \/>\n<meta name=\"twitter:label1\" content=\"Tiempo de lectura\" \/>\n\t<meta name=\"twitter:data1\" content=\"1 minuto\" \/>\n<script type=\"application\/ld+json\" class=\"yoast-schema-graph\">{\"@context\":\"https:\\\/\\\/schema.org\",\"@graph\":[{\"@type\":\"WebPage\",\"@id\":\"https:\\\/\\\/assistenciallleida.adrirodrigom2.es\\\/politiques-cookies\\\/\",\"url\":\"https:\\\/\\\/assistenciallleida.adrirodrigom2.es\\\/politiques-cookies\\\/\",\"name\":\"Pol\u00edtiques Cookies - Assist\u00e8ncia Per A Persones, transport adaptat - Assistencial Lleida\",\"isPartOf\":{\"@id\":\"https:\\\/\\\/assistenciallleida.adrirodrigom2.es\\\/#website\"},\"datePublished\":\"2025-01-27T07:52:13+00:00\",\"dateModified\":\"2025-07-10T06:42:37+00:00\",\"breadcrumb\":{\"@id\":\"https:\\\/\\\/assistenciallleida.adrirodrigom2.es\\\/politiques-cookies\\\/#breadcrumb\"},\"inLanguage\":\"es\",\"potentialAction\":[{\"@type\":\"ReadAction\",\"target\":[\"https:\\\/\\\/assistenciallleida.adrirodrigom2.es\\\/politiques-cookies\\\/\"]}]},{\"@type\":\"BreadcrumbList\",\"@id\":\"https:\\\/\\\/assistenciallleida.adrirodrigom2.es\\\/politiques-cookies\\\/#breadcrumb\",\"itemListElement\":[{\"@type\":\"ListItem\",\"position\":1,\"name\":\"Portada\",\"item\":\"https:\\\/\\\/assistenciallleida.adrirodrigom2.es\\\/\"},{\"@type\":\"ListItem\",\"position\":2,\"name\":\"Pol\u00edtiques Cookies\"}]},{\"@type\":\"WebSite\",\"@id\":\"https:\\\/\\\/assistenciallleida.adrirodrigom2.es\\\/#website\",\"url\":\"https:\\\/\\\/assistenciallleida.adrirodrigom2.es\\\/\",\"name\":\"Assist\u00e8ncia Per A Persones, transport adaptat - Assistencial Lleida\",\"description\":\"\",\"potentialAction\":[{\"@type\":\"SearchAction\",\"target\":{\"@type\":\"EntryPoint\",\"urlTemplate\":\"https:\\\/\\\/assistenciallleida.adrirodrigom2.es\\\/?s={search_term_string}\"},\"query-input\":{\"@type\":\"PropertyValueSpecification\",\"valueRequired\":true,\"valueName\":\"search_term_string\"}}],\"inLanguage\":\"es\"}]}<\/script>\n<!-- \/ Yoast SEO plugin. -->","yoast_head_json":{"title":"Pol\u00edtiques Cookies - Assist\u00e8ncia Per A Persones, transport adaptat - Assistencial Lleida","robots":{"index":"noindex","follow":"follow"},"og_locale":"es_ES","og_type":"article","og_title":"Pol\u00edtiques Cookies - Assist\u00e8ncia Per A Persones, transport adaptat - Assistencial Lleida","og_description":"Una cookie s&#8217;un petit fitxer de text que s&#8217;emmagatzema el seu navegador quan visita casi qualsevol p\u00e0gina web. La seva utilitat \u00e9s que la web sigui capa\u00e7 de recordar la seva visita quan torni a navegar per aquesta p\u00e0gina. Les cookies solen emmagatzemar informaci\u00f3 de car\u00e0cter t\u00e8cnic, prefer\u00e8ncies personals, personalitzaci\u00f3 de continguts, estad\u00edstiques d&#8217;\u00fas, enlla\u00e7os [&hellip;]","og_url":"https:\/\/assistenciallleida.adrirodrigom2.es\/es\/politiques-cookies\/","og_site_name":"Assist\u00e8ncia Per A Persones, transport adaptat - Assistencial Lleida","article_modified_time":"2025-07-10T06:42:37+00:00","twitter_card":"summary_large_image","twitter_misc":{"Tiempo de lectura":"1 minuto"},"schema":{"@context":"https:\/\/schema.org","@graph":[{"@type":"WebPage","@id":"https:\/\/assistenciallleida.adrirodrigom2.es\/politiques-cookies\/","url":"https:\/\/assistenciallleida.adrirodrigom2.es\/politiques-cookies\/","name":"Pol\u00edtiques Cookies - Assist\u00e8ncia Per A Persones, transport adaptat - Assistencial Lleida","isPartOf":{"@id":"https:\/\/assistenciallleida.adrirodrigom2.es\/#website"},"datePublished":"2025-01-27T07:52:13+00:00","dateModified":"2025-07-10T06:42:37+00:00","breadcrumb":{"@id":"https:\/\/assistenciallleida.adrirodrigom2.es\/politiques-cookies\/#breadcrumb"},"inLanguage":"es","potentialAction":[{"@type":"ReadAction","target":["https:\/\/assistenciallleida.adrirodrigom2.es\/politiques-cookies\/"]}]},{"@type":"BreadcrumbList","@id":"https:\/\/assistenciallleida.adrirodrigom2.es\/politiques-cookies\/#breadcrumb","itemListElement":[{"@type":"ListItem","position":1,"name":"Portada","item":"https:\/\/assistenciallleida.adrirodrigom2.es\/"},{"@type":"ListItem","position":2,"name":"Pol\u00edtiques Cookies"}]},{"@type":"WebSite","@id":"https:\/\/assistenciallleida.adrirodrigom2.es\/#website","url":"https:\/\/assistenciallleida.adrirodrigom2.es\/","name":"Assist\u00e8ncia Per A Persones, transport adaptat - Assistencial Lleida","description":"","potentialAction":[{"@type":"SearchAction","target":{"@type":"EntryPoint","urlTemplate":"https:\/\/assistenciallleida.adrirodrigom2.es\/?s={search_term_string}"},"query-input":{"@type":"PropertyValueSpecification","valueRequired":true,"valueName":"search_term_string"}}],"inLanguage":"es"}]}},"_links":{"self":[{"href":"https:\/\/assistenciallleida.adrirodrigom2.es\/es\/wp-json\/wp\/v2\/pages\/18","targetHints":{"allow":["GET"]}}],"collection":[{"href":"https:\/\/assistenciallleida.adrirodrigom2.es\/es\/wp-json\/wp\/v2\/pages"}],"about":[{"href":"https:\/\/assistenciallleida.adrirodrigom2.es\/es\/wp-json\/wp\/v2\/types\/page"}],"author":[{"embeddable":true,"href":"https:\/\/assistenciallleida.adrirodrigom2.es\/es\/wp-json\/wp\/v2\/users\/2"}],"replies":[{"embeddable":true,"href":"https:\/\/assistenciallleida.adrirodrigom2.es\/es\/wp-json\/wp\/v2\/comments?post=18"}],"version-history":[{"count":4,"href":"https:\/\/assistenciallleida.adrirodrigom2.es\/es\/wp-json\/wp\/v2\/pages\/18\/revisions"}],"predecessor-version":[{"id":632,"href":"https:\/\/assistenciallleida.adrirodrigom2.es\/es\/wp-json\/wp\/v2\/pages\/18\/revisions\/632"}],"wp:attachment":[{"href":"https:\/\/assistenciallleida.adrirodrigom2.es\/es\/wp-json\/wp\/v2\/media?parent=18"}],"curies":[{"name":"wp","href":"https:\/\/api.w.org\/{rel}","templated":true}]}}