{"id":19,"date":"2025-01-27T08:52:32","date_gmt":"2025-01-27T07:52:32","guid":{"rendered":"https:\/\/assistenciallleida.adrirodrigom2.es\/?page_id=19"},"modified":"2025-07-10T08:41:41","modified_gmt":"2025-07-10T06:41:41","slug":"termes-i-condicions","status":"publish","type":"page","link":"https:\/\/assistenciallleida.adrirodrigom2.es\/es\/termes-i-condicions\/","title":{"rendered":"T\u00e9rminos y Condiciones"},"content":{"rendered":"<p>Les presents condicions generals d&#8217;\u00fas (d&#8217;ara endavant, &#8220;les Condicions Generals&#8221;) regeixen, juntament amb la Pol\u00edtica de privacitat i cookies i les Condicions del Contracte de *Deposito, l&#8217;acc\u00e9s i la utilitzaci\u00f3, per part de l&#8217;Usuari, del Lloc web assistencial-lleida.cat (d&#8217;ara endavant, &#8220;el Lloc web&#8221;), aix\u00ed com la contractaci\u00f3 dels productes i serveis oferts en aquest. Per mitj\u00e0 de l&#8217;acceptaci\u00f3 de les presents Condicions Generals, l&#8217;Usuari manifesta:<\/p>\n<p>_Que ha llegit, ent\u00e9n i compr\u00e8n l&#8217;aqu\u00ed exposat.<\/p>\n<p>_Que \u00e9s una persona amb capacitat suficient per a contractar.<\/p>\n<p>_Que assumeix totes les obligacions aqu\u00ed disposades.<\/p>\n<p>La utilitzaci\u00f3 del Lloc web atribueix la condici\u00f3 d&#8217;Usuari del Lloc web (d&#8217;ara endavant, &#8220;l'&#8221;Usuari&#8221;) i implica l&#8217;acceptaci\u00f3 de tots els termes inclosos en aquestes Condicions Generals. L&#8217;Usuari ha de llegir atentament les presents Condicions Generals cada vegada que accedeixi al Lloc web, ja que el mateix i aquestes Condicions Generals poden sofrir modificacions.<\/p>\n<p>El titular del Lloc web es reserva la facultat de realitzar, en qualsevol moment i sense necessitat de preav\u00eds, qualsevol modificaci\u00f3 o actualitzaci\u00f3 dels seus continguts i serveis; de les presents Condicions Generals i, en general, de quants elements integren el disseny i configuraci\u00f3 del Lloc web.<\/p>\n<p>La modificaci\u00f3 d&#8217;aquestes Condicions Generals no afectar\u00e0 els b\u00e9ns o promocions que haguessin estat adquirits pr\u00e8viament a aquesta modificaci\u00f3.<\/p>\n<p>1. Informaci\u00f3 general del Lloc web<\/p>\n<p>En compliment del que s&#8217;estableix per l&#8217;article 10 de la Llei 34\/2002, d&#8217;11 de juliol, de serveis de la societat de la informaci\u00f3 i de comer\u00e7 electr\u00f2nic, a continuaci\u00f3 s&#8217;ofereix la informaci\u00f3 general del Lloc web:<\/p>\n<p>Titular: Rolando Andr\u00e9s Castro Blas.<\/p>\n<p>Domicili social: C\/ Ramon Lluli N\u00fam. 12 2.1<\/p>\n<p>Doc Ident: X4314272 R<\/p>\n<p>E-mail:\u00a0info@assistencial-lleida.cat<\/p>\n<p>Tel\u00e8fon: +34 634 88 50 54<\/p>\n<p>2. Condicions d&#8217;\u00das<\/p>\n<p>2.1. Necessitat de Registre<\/p>\n<p>Amb car\u00e0cter general, per a accedir i navegar pels continguts del Lloc web no \u00e9s necessari el Registre de l&#8217;Usuari. No obstant aix\u00f2, la utilitzaci\u00f3 de determinats serveis i continguts pot estar condicionada al Registre previ de l&#8217;Usuari.<\/p>\n<p>Les dades introdu\u00efdes per l&#8217;Usuari hauran de ser exactes, actuals i vera\u00e7os. L&#8217;Usuari registrat ser\u00e0 responsable en tot moment de la cust\u00f2dia del seu password, assumint en conseq\u00fc\u00e8ncia qualssevol danys i perjudicis que poguessin derivar-se del seu \u00fas indegut, aix\u00ed com de la cessi\u00f3, revelaci\u00f3 o extraviament d&#8217;aquest. A aquest efecte, l&#8217;acc\u00e9s a \u00e0rees restringides i\/o l&#8217;\u00fas dels serveis i continguts realitzat sota el password d&#8217;un Usuari registrat es *reputar\u00e1n realitzats per aquest Usuari registrat, qui respondr\u00e0 en tot cas d&#8217;aquest acc\u00e9s i \u00fas.<\/p>\n<p>2.2. Normes d&#8217;utilitzaci\u00f3 del Lloc web<\/p>\n<p>L&#8217;Usuari s&#8217;obliga a utilitzar el Lloc web i tot el seu contingut i serveis conforme al que s&#8217;estableix en la llei, la moral, l&#8217;ordre p\u00fablic i en les presents Condicions Generals. Aix\u00ed mateix, s&#8217;obliga fer un \u00fas adequat dels serveis i\/o continguts del Lloc web i a no emprar-los per a realitzar activitats il\u00b7l\u00edcites o constitutives de delicte, que atemptin contra els drets de tercers i\/o que infringeixin la regulaci\u00f3 sobre propietat intel\u00b7lectual i industrial, o qualssevol altres normes de l&#8217;ordenament jur\u00eddic aplicable.<\/p>\n<p>L&#8217;Usuari s&#8217;obliga a no transmetre, introduir, difondre i posar a la disposici\u00f3 de tercers, qualsevol tipus de material i informaci\u00f3 (dades, continguts, missatges, dibuixos, arxius de so i imatge, fotografies, programari, etc.) que siguin contraris a la llei, la moral, l&#8217;ordre p\u00fablic i les presents Condicions Generals. A t\u00edtol enunciatiu, i en cap cas limitatiu o excloent, l&#8217;Usuari es compromet a:<\/p>\n<p>I.- No introduir o difondre continguts o propaganda de car\u00e0cter racista, xen\u00f2fob, pornogr\u00e0fic, d&#8217;apologia del terrorisme o que atemptin contra els drets humans.<\/p>\n<p>II.- No introduir o difondre en la xarxa programes de dades (virus i programari nociu) susceptibles de provocar danys en els sistemes inform\u00e0tics del prove\u00efdor d&#8217;acc\u00e9s, els seus prove\u00efdors o tercers Usuaris de la xarxa Internet.<\/p>\n<p>III.- No difondre, transmetre o posar a la disposici\u00f3 de tercers qualsevol tipus d&#8217;informaci\u00f3, element o contingut que atempti contra els drets fonamentals i les llibertats p\u00fabliques reconeguts constitucionalment i en els tractats internacionals.<\/p>\n<p>IV.- No difondre, transmetre o posar a la disposici\u00f3 de tercers qualsevol tipus d&#8217;informaci\u00f3, element o contingut que constitueixi publicitat il\u00b7l\u00edcita o deslleial.<\/p>\n<p>V.- No transmetre publicitat no sol\u00b7licitada o autoritzada, material publicitari, &#8220;correu escombraries&#8221;, &#8220;cartes en cadena&#8221;, &#8220;estructures piramidals&#8221;, o qualsevol altra forma de sol\u00b7licitaci\u00f3, excepte en aquelles \u00e0rees (com ara espais comercials) que hagin estat exclusivament concebudes per a aix\u00f2.<\/p>\n<p>VI.- No introduir o difondre qualsevol informaci\u00f3 i continguts falsos, ambigus o inexactes de manera que indueixi a error als receptors de la informaci\u00f3.<\/p>\n<p>VII.- No suplantar a altres Usuaris utilitzant les seves claus de registre als diferents serveis i\/o continguts del Lloc web.<\/p>\n<p>VIII.- No difondre, transmetre o posar a la disposici\u00f3 de tercers qualsevol tipus d&#8217;informaci\u00f3, element o contingut que suposi una violaci\u00f3 dels drets de propietat intel\u00b7lectual i industrial, patents, marques o copyright que corresponguin als titulars del Lloc web o a tercers.<\/p>\n<p>IX.- No difondre, transmetre o posar a la disposici\u00f3 de tercers qualsevol tipus d&#8217;informaci\u00f3, element o contingut que suposi una violaci\u00f3 del secret de les comunicacions i la legislaci\u00f3 de dades de car\u00e0cter personal.<\/p>\n<p>L&#8217;Usuari s&#8217;obliga a mantenir indemne a *Assistencial-Lleida davant qualsevol possible reclamaci\u00f3, multa, pena o sanci\u00f3 que pugui venir obligada a suportar a conseq\u00fc\u00e8ncia de l&#8217;incompliment per part de l&#8217;Usuari de qualsevol de les normes d&#8217;utilitzaci\u00f3 abans indicades, reservant-se, a m\u00e9s, *Assistencial-Lleida el dret a sol\u00b7licitar la indemnitzaci\u00f3 per danys i perjudicis que correspongui.<\/p>\n<p>2.3. Exclusi\u00f3 de Responsabilitat<\/p>\n<p>*Assistencial-Lleida no assumeix cap responsabilitat sobre la possible falta d&#8217;actualitzaci\u00f3 d&#8217;aquest Lloc web. Per tant, l&#8217;Usuari ha de confirmar amb un agent de *Assistencial-Lleida que la informaci\u00f3 publicada sigui precisa i completa abans de prendre cap decisi\u00f3 relacionada amb qualsevol servei o contingut descrit en aquest Lloc web.<\/p>\n<p>El Cuidador manifesta i les fam\u00edlies es responsabilitzen de complir amb totes les seves obligacions envers l&#8217;Administraci\u00f3 Tribut\u00e0ria, la Seguretat Social i altres requisits legals que resultin necessaris per a poder exercir els serveis que ofereix a trav\u00e9s de *Assistencial-Lleida, obligant-se expressament a mantenir aquest compliment mentre utilitzi els serveis d&#8217;aquesta. El Cuidador s&#8217;obliga a mantenir completament indemne a *Assistencial-Lleida, els seus administradors, accionistes i empleats davant qualsevol possible reclamaci\u00f3, multa, pena o sanci\u00f3 que puguin venir obligats a suportar a conseq\u00fc\u00e8ncia de l&#8217;incompliment per part del Cuidador de qualsevol de les seves obligacions indicades en aquest par\u00e0graf, reservant-se a m\u00e9s *Assistencial-Lleida el dret a sol\u00b7licitar la indemnitzaci\u00f3 per danys i perjudicis que correspongui.<\/p>\n<p>2.4. Continguts i serveis enlla\u00e7ats a trav\u00e9s del Lloc web<\/p>\n<p>El servei d&#8217;acc\u00e9s al Lloc web inclou dispositius t\u00e8cnics d&#8217;enlla\u00e7, directoris i fins i tot instruments de cerca que permeten a l&#8217;Usuari accedir a altres p\u00e0gines i Portals d&#8217;Internet (d&#8217;ara endavant, &#8220;Llocs Enlla\u00e7ats&#8221;). En aquests casos, *Assistencial-Lleida no \u00e9s responsable d&#8217;aquests. En el cas que l&#8217;Usuari consideri que existeix un Lloc Enlla\u00e7at amb continguts il\u00b7l\u00edcits o inadequats podr\u00e0 comunicar-l&#8217;hi a *Assistencial-Lleida, sense que en cap cas aquesta comunicaci\u00f3 comporti l&#8217;obligaci\u00f3 de retirar el corresponent enlla\u00e7.<\/p>\n<p>En cap cas, l&#8217;exist\u00e8ncia de Llocs Enlla\u00e7ats ha de pressuposar la formalitzaci\u00f3 d&#8217;acords amb els responsables o titulars d&#8217;aquests, ni la recomanaci\u00f3, promoci\u00f3 o identificaci\u00f3 de *Assistencial-Lleida amb les manifestacions, continguts o serveis prove\u00efts.<\/p>\n<p>*Assistencial-Lleida no coneix els continguts i serveis dels Llocs Enlla\u00e7ats i, per tant, no es fa responsable pels danys produ\u00efts per la il\u00b7licitud, qualitat, *desactualizaci\u00f3n, indisponibilitat, error i inutilitat dels continguts i\/o serveis dels Llocs Enlla\u00e7ats ni per qualsevol altre mal que no sigui directament imputable a *Assistencial-Lleida.<\/p>\n<p>2.5. Propietat intel\u00b7lectual i industrial<\/p>\n<p>Tots els continguts del Lloc web, entenent per aquests, a t\u00edtol merament enunciatiu, els textos, fotografies, gr\u00e0fics, imatges, icones, tecnologia, programari, links i altres continguts audiovisuals o sonors, aix\u00ed com el seu disseny gr\u00e0fic i codis font, s\u00f3n propietat intel\u00b7lectual de *Assistencial-Lleida o de tercers, sense que puguin entendre&#8217;s cedits a l&#8217;Usuari cap dels drets d&#8217;explotaci\u00f3 reconeguts per la normativa vigent en mat\u00e8ria de propietat intel\u00b7lectual sobre aquests.<\/p>\n<p>Les marques, noms comercials o signes distintius s\u00f3n titularitat de *Assistencial-Lleida o de tercers, sense que pugui entendre&#8217;s que l&#8217;acc\u00e9s al Lloc web atribueix algun dret sobre aquests.<\/p>\n<p>Sobre tots els continguts publicats lliurement per l&#8217;Usuari en el Lloc web, entenent com a tals v\u00eddeos, fotografies i qualsevol comentari, opini\u00f3 o descripci\u00f3 (d&#8217;ara endavant, &#8220;els Continguts&#8221;), l&#8217;Usuari atorga gratu\u00eftament a *Assistencial-Lleida una llic\u00e8ncia d&#8217;\u00fas sense limitaci\u00f3 temporal ni territorial alguna. Sobre la base d&#8217;aquesta llic\u00e8ncia, *Assistencial-Lleida podr\u00e0 explotar lliurement els drets de reproducci\u00f3, transformaci\u00f3, distribuci\u00f3 i comunicaci\u00f3 p\u00fablica dels Continguts, \u00fanicament amb la finalitat de poder prestar els serveis sol\u00b7licitats per l&#8217;Usuari.<\/p>\n<p>3. Disponibilitat dels serveis<\/p>\n<p>Tots els serveis que *Assistencial-Lleida ofereix estan subjectes a la disponibilitat dels professionals, *Assistencial-Lleida nom\u00e9s actua d&#8217;intermediari entre els professionals i el client particular.<\/p>\n<p>4. Nul\u00b7litat i inefic\u00e0cia de les cl\u00e0usules<\/p>\n<p>Si qualsevol cl\u00e0usula inclosa en les presents Condicions Generals fos declarada totalment o parcialment, nul\u00b7la o inefica\u00e7, tal nul\u00b7litat o inefic\u00e0cia tan sols afectar\u00e0 aquesta disposici\u00f3 o a la part de la mateixa que resulti nul\u00b7la o inefica\u00e7, subsistint les presents Condicions Generals en tota la resta, considerant-se tal disposici\u00f3 totalment o parcialment per no inclosa.<\/p>\n<p>5. Legislaci\u00f3 aplicable i jurisdicci\u00f3 competent<\/p>\n<p>Aquestes Condicions Generals es regiran i interpretaran conforme a la legislaci\u00f3 espanyola. *Assistencial-Lleida i l&#8217;Usuari acorden sotmetre qualsevol controv\u00e8rsia que pogu\u00e9s suscitar-se de la prestaci\u00f3 dels productes o serveis objecte d&#8217;aquestes Condicions Generals, als Jutjats i Tribunals de la ciutat de Val\u00e8ncia, Espanya, tret que la llei estableixi una altra cosa.<\/p>","protected":false},"excerpt":{"rendered":"<p>Les presents condicions generals d&#8217;\u00fas (d&#8217;ara endavant, &#8220;les Condicions Generals&#8221;) regeixen, juntament amb la Pol\u00edtica de privacitat i cookies i les Condicions del Contracte de *Deposito, l&#8217;acc\u00e9s i la utilitzaci\u00f3, per part de l&#8217;Usuari, del Lloc web assistencial-lleida.cat (d&#8217;ara endavant, &#8220;el Lloc web&#8221;), aix\u00ed com la contractaci\u00f3 dels productes i serveis oferts en aquest. Per [&hellip;]<\/p>\n","protected":false},"author":2,"featured_media":0,"parent":0,"menu_order":0,"comment_status":"closed","ping_status":"closed","template":"","meta":{"footnotes":""},"class_list":["post-19","page","type-page","status-publish","hentry"],"yoast_head":"<!-- This site is optimized with the Yoast SEO plugin v27.4 - https:\/\/yoast.com\/product\/yoast-seo-wordpress\/ -->\n<title>Termes I Condicions - Assist\u00e8ncia Per A Persones, transport adaptat - Assistencial Lleida<\/title>\n<meta name=\"robots\" content=\"noindex, follow\" \/>\n<meta property=\"og:locale\" content=\"es_ES\" \/>\n<meta property=\"og:type\" content=\"article\" \/>\n<meta property=\"og:title\" content=\"Termes I Condicions - Assist\u00e8ncia Per A Persones, transport adaptat - Assistencial Lleida\" \/>\n<meta property=\"og:description\" content=\"Les presents condicions generals d&#8217;\u00fas (d&#8217;ara endavant, &#8220;les Condicions Generals&#8221;) regeixen, juntament amb la Pol\u00edtica de privacitat i cookies i les Condicions del Contracte de *Deposito, l&#8217;acc\u00e9s i la utilitzaci\u00f3, per part de l&#8217;Usuari, del Lloc web assistencial-lleida.cat (d&#8217;ara endavant, &#8220;el Lloc web&#8221;), aix\u00ed com la contractaci\u00f3 dels productes i serveis oferts en aquest. Per [&hellip;]\" \/>\n<meta property=\"og:url\" content=\"https:\/\/assistenciallleida.adrirodrigom2.es\/es\/termes-i-condicions\/\" \/>\n<meta property=\"og:site_name\" content=\"Assist\u00e8ncia Per A Persones, transport adaptat - Assistencial Lleida\" \/>\n<meta property=\"article:modified_time\" content=\"2025-07-10T06:41:41+00:00\" \/>\n<meta name=\"twitter:card\" content=\"summary_large_image\" \/>\n<script type=\"application\/ld+json\" class=\"yoast-schema-graph\">{\"@context\":\"https:\\\/\\\/schema.org\",\"@graph\":[{\"@type\":\"WebPage\",\"@id\":\"https:\\\/\\\/assistenciallleida.adrirodrigom2.es\\\/termes-i-condicions\\\/\",\"url\":\"https:\\\/\\\/assistenciallleida.adrirodrigom2.es\\\/termes-i-condicions\\\/\",\"name\":\"Termes I Condicions - Assist\u00e8ncia Per A Persones, transport adaptat - Assistencial Lleida\",\"isPartOf\":{\"@id\":\"https:\\\/\\\/assistenciallleida.adrirodrigom2.es\\\/#website\"},\"datePublished\":\"2025-01-27T07:52:32+00:00\",\"dateModified\":\"2025-07-10T06:41:41+00:00\",\"breadcrumb\":{\"@id\":\"https:\\\/\\\/assistenciallleida.adrirodrigom2.es\\\/termes-i-condicions\\\/#breadcrumb\"},\"inLanguage\":\"es\",\"potentialAction\":[{\"@type\":\"ReadAction\",\"target\":[\"https:\\\/\\\/assistenciallleida.adrirodrigom2.es\\\/termes-i-condicions\\\/\"]}]},{\"@type\":\"BreadcrumbList\",\"@id\":\"https:\\\/\\\/assistenciallleida.adrirodrigom2.es\\\/termes-i-condicions\\\/#breadcrumb\",\"itemListElement\":[{\"@type\":\"ListItem\",\"position\":1,\"name\":\"Portada\",\"item\":\"https:\\\/\\\/assistenciallleida.adrirodrigom2.es\\\/\"},{\"@type\":\"ListItem\",\"position\":2,\"name\":\"Termes I Condicions\"}]},{\"@type\":\"WebSite\",\"@id\":\"https:\\\/\\\/assistenciallleida.adrirodrigom2.es\\\/#website\",\"url\":\"https:\\\/\\\/assistenciallleida.adrirodrigom2.es\\\/\",\"name\":\"Assist\u00e8ncia Per A Persones, transport adaptat - Assistencial Lleida\",\"description\":\"\",\"potentialAction\":[{\"@type\":\"SearchAction\",\"target\":{\"@type\":\"EntryPoint\",\"urlTemplate\":\"https:\\\/\\\/assistenciallleida.adrirodrigom2.es\\\/?s={search_term_string}\"},\"query-input\":{\"@type\":\"PropertyValueSpecification\",\"valueRequired\":true,\"valueName\":\"search_term_string\"}}],\"inLanguage\":\"es\"}]}<\/script>\n<!-- \/ Yoast SEO plugin. -->","yoast_head_json":{"title":"Termes I Condicions - Assist\u00e8ncia Per A Persones, transport adaptat - Assistencial Lleida","robots":{"index":"noindex","follow":"follow"},"og_locale":"es_ES","og_type":"article","og_title":"Termes I Condicions - Assist\u00e8ncia Per A Persones, transport adaptat - Assistencial Lleida","og_description":"Les presents condicions generals d&#8217;\u00fas (d&#8217;ara endavant, &#8220;les Condicions Generals&#8221;) regeixen, juntament amb la Pol\u00edtica de privacitat i cookies i les Condicions del Contracte de *Deposito, l&#8217;acc\u00e9s i la utilitzaci\u00f3, per part de l&#8217;Usuari, del Lloc web assistencial-lleida.cat (d&#8217;ara endavant, &#8220;el Lloc web&#8221;), aix\u00ed com la contractaci\u00f3 dels productes i serveis oferts en aquest. Per [&hellip;]","og_url":"https:\/\/assistenciallleida.adrirodrigom2.es\/es\/termes-i-condicions\/","og_site_name":"Assist\u00e8ncia Per A Persones, transport adaptat - Assistencial Lleida","article_modified_time":"2025-07-10T06:41:41+00:00","twitter_card":"summary_large_image","schema":{"@context":"https:\/\/schema.org","@graph":[{"@type":"WebPage","@id":"https:\/\/assistenciallleida.adrirodrigom2.es\/termes-i-condicions\/","url":"https:\/\/assistenciallleida.adrirodrigom2.es\/termes-i-condicions\/","name":"Termes I Condicions - Assist\u00e8ncia Per A Persones, transport adaptat - Assistencial Lleida","isPartOf":{"@id":"https:\/\/assistenciallleida.adrirodrigom2.es\/#website"},"datePublished":"2025-01-27T07:52:32+00:00","dateModified":"2025-07-10T06:41:41+00:00","breadcrumb":{"@id":"https:\/\/assistenciallleida.adrirodrigom2.es\/termes-i-condicions\/#breadcrumb"},"inLanguage":"es","potentialAction":[{"@type":"ReadAction","target":["https:\/\/assistenciallleida.adrirodrigom2.es\/termes-i-condicions\/"]}]},{"@type":"BreadcrumbList","@id":"https:\/\/assistenciallleida.adrirodrigom2.es\/termes-i-condicions\/#breadcrumb","itemListElement":[{"@type":"ListItem","position":1,"name":"Portada","item":"https:\/\/assistenciallleida.adrirodrigom2.es\/"},{"@type":"ListItem","position":2,"name":"Termes I Condicions"}]},{"@type":"WebSite","@id":"https:\/\/assistenciallleida.adrirodrigom2.es\/#website","url":"https:\/\/assistenciallleida.adrirodrigom2.es\/","name":"Assist\u00e8ncia Per A Persones, transport adaptat - Assistencial Lleida","description":"","potentialAction":[{"@type":"SearchAction","target":{"@type":"EntryPoint","urlTemplate":"https:\/\/assistenciallleida.adrirodrigom2.es\/?s={search_term_string}"},"query-input":{"@type":"PropertyValueSpecification","valueRequired":true,"valueName":"search_term_string"}}],"inLanguage":"es"}]}},"_links":{"self":[{"href":"https:\/\/assistenciallleida.adrirodrigom2.es\/es\/wp-json\/wp\/v2\/pages\/19","targetHints":{"allow":["GET"]}}],"collection":[{"href":"https:\/\/assistenciallleida.adrirodrigom2.es\/es\/wp-json\/wp\/v2\/pages"}],"about":[{"href":"https:\/\/assistenciallleida.adrirodrigom2.es\/es\/wp-json\/wp\/v2\/types\/page"}],"author":[{"embeddable":true,"href":"https:\/\/assistenciallleida.adrirodrigom2.es\/es\/wp-json\/wp\/v2\/users\/2"}],"replies":[{"embeddable":true,"href":"https:\/\/assistenciallleida.adrirodrigom2.es\/es\/wp-json\/wp\/v2\/comments?post=19"}],"version-history":[{"count":3,"href":"https:\/\/assistenciallleida.adrirodrigom2.es\/es\/wp-json\/wp\/v2\/pages\/19\/revisions"}],"predecessor-version":[{"id":627,"href":"https:\/\/assistenciallleida.adrirodrigom2.es\/es\/wp-json\/wp\/v2\/pages\/19\/revisions\/627"}],"wp:attachment":[{"href":"https:\/\/assistenciallleida.adrirodrigom2.es\/es\/wp-json\/wp\/v2\/media?parent=19"}],"curies":[{"name":"wp","href":"https:\/\/api.w.org\/{rel}","templated":true}]}}