{"id":71,"date":"2025-07-09T19:27:49","date_gmt":"2025-07-09T17:27:49","guid":{"rendered":"https:\/\/assistenciallleida.adrirodrigom2.es\/?page_id=71"},"modified":"2025-07-10T08:29:11","modified_gmt":"2025-07-10T06:29:11","slug":"uote","status":"publish","type":"page","link":"https:\/\/assistenciallleida.adrirodrigom2.es\/es\/uote\/","title":{"rendered":"Solicitar presupuesto \u00bfTiene un proyecto? Env\u00edanos una cita"},"content":{"rendered":"<style>.elementor-71 .elementor-element.elementor-element-33cfb49{--display:flex;--padding-top:5em;--padding-bottom:5em;--padding-left:1em;--padding-right:1em;}.elementor-71 .elementor-element.elementor-element-861ce42 .elementor-field-group{padding-right:calc( 10px\/2 );padding-left:calc( 10px\/2 );margin-bottom:10px;}.elementor-71 .elementor-element.elementor-element-861ce42 .elementor-form-fields-wrapper{margin-left:calc( -10px\/2 );margin-right:calc( -10px\/2 );margin-bottom:-10px;}.elementor-71 .elementor-element.elementor-element-861ce42 .elementor-field-group.recaptcha_v3-bottomleft, .elementor-71 .elementor-element.elementor-element-861ce42 .elementor-field-group.recaptcha_v3-bottomright{margin-bottom:0;}body.rtl .elementor-71 .elementor-element.elementor-element-861ce42 .elementor-labels-inline .elementor-field-group > label{padding-left:11px;}body:not(.rtl) .elementor-71 .elementor-element.elementor-element-861ce42 .elementor-labels-inline .elementor-field-group > label{padding-right:11px;}body .elementor-71 .elementor-element.elementor-element-861ce42 .elementor-labels-above .elementor-field-group > label{padding-bottom:11px;}.elementor-71 .elementor-element.elementor-element-861ce42 .elementor-field-group > label, .elementor-71 .elementor-element.elementor-element-861ce42 .elementor-field-subgroup label{color:var( --e-global-color-b53d987 );}.elementor-71 .elementor-element.elementor-element-861ce42 .elementor-field-group > label{font-family:\"Nunito\", Sans-serif;font-size:13px;font-weight:600;}.elementor-71 .elementor-element.elementor-element-861ce42 .elementor-field-type-html{padding-bottom:0px;}.elementor-71 .elementor-element.elementor-element-861ce42 .elementor-field-group .elementor-field, .elementor-71 .elementor-element.elementor-element-861ce42 .elementor-field-subgroup label{font-family:var( --e-global-typography-text-font-family ), Sans-serif;font-size:var( --e-global-typography-text-font-size );font-weight:var( --e-global-typography-text-font-weight );}.elementor-71 .elementor-element.elementor-element-861ce42 .elementor-field-group .elementor-field:not(.elementor-select-wrapper){background-color:#ffffff;border-color:var( --e-global-color-188763a );border-width:1px 1px 1px 1px;border-radius:0px 0px 0px 0px;}.elementor-71 .elementor-element.elementor-element-861ce42 .elementor-field-group .elementor-select-wrapper select{background-color:#ffffff;border-color:var( --e-global-color-188763a );border-width:1px 1px 1px 1px;border-radius:0px 0px 0px 0px;}.elementor-71 .elementor-element.elementor-element-861ce42 .elementor-field-group .elementor-select-wrapper::before{color:var( --e-global-color-188763a );}.elementor-71 .elementor-element.elementor-element-861ce42 .elementor-button{font-family:var( --e-global-typography-accent-font-family ), Sans-serif;font-size:var( --e-global-typography-accent-font-size );font-weight:var( --e-global-typography-accent-font-weight );text-transform:var( --e-global-typography-accent-text-transform );letter-spacing:var( --e-global-typography-accent-letter-spacing );border-style:solid;border-width:1px 1px 1px 1px;border-radius:0px 0px 0px 0px;padding:20px 60px 20px 60px;}.elementor-71 .elementor-element.elementor-element-861ce42 .e-form__buttons__wrapper__button-next{background-color:var( --e-global-color-primary );color:#ffffff;}.elementor-71 .elementor-element.elementor-element-861ce42 .elementor-button[type=\"submit\"]{background-color:var( --e-global-color-primary );color:#ffffff;}.elementor-71 .elementor-element.elementor-element-861ce42 .elementor-button[type=\"submit\"] svg *{fill:#ffffff;}.elementor-71 .elementor-element.elementor-element-861ce42 .e-form__buttons__wrapper__button-previous{color:#ffffff;}.elementor-71 .elementor-element.elementor-element-861ce42 .e-form__buttons__wrapper__button-next:hover{background-color:var( --e-global-color-b2180e3 );color:var( --e-global-color-primary );border-color:var( --e-global-color-primary );}.elementor-71 .elementor-element.elementor-element-861ce42 .elementor-button[type=\"submit\"]:hover{background-color:var( --e-global-color-b2180e3 );color:var( --e-global-color-primary );border-color:var( --e-global-color-primary );}.elementor-71 .elementor-element.elementor-element-861ce42 .elementor-button[type=\"submit\"]:hover svg *{fill:var( --e-global-color-primary );}.elementor-71 .elementor-element.elementor-element-861ce42 .e-form__buttons__wrapper__button-previous:hover{color:#ffffff;}.elementor-71 .elementor-element.elementor-element-861ce42{--e-form-steps-indicators-spacing:20px;--e-form-steps-indicator-padding:30px;--e-form-steps-indicator-inactive-secondary-color:#ffffff;--e-form-steps-indicator-active-secondary-color:#ffffff;--e-form-steps-indicator-completed-secondary-color:#ffffff;--e-form-steps-divider-width:1px;--e-form-steps-divider-gap:10px;width:100%;max-width:100%;}@media(max-width:1024px){.elementor-71 .elementor-element.elementor-element-33cfb49{--padding-top:4em;--padding-bottom:4em;--padding-left:1em;--padding-right:1em;}.elementor-71 .elementor-element.elementor-element-861ce42 .elementor-field-group .elementor-field, .elementor-71 .elementor-element.elementor-element-861ce42 .elementor-field-subgroup label{font-size:var( --e-global-typography-text-font-size );}.elementor-71 .elementor-element.elementor-element-861ce42 .elementor-button{font-size:var( --e-global-typography-accent-font-size );letter-spacing:var( --e-global-typography-accent-letter-spacing );}}@media(max-width:767px){.elementor-71 .elementor-element.elementor-element-33cfb49{--padding-top:3em;--padding-bottom:3em;--padding-left:1em;--padding-right:1em;}.elementor-71 .elementor-element.elementor-element-861ce42 .elementor-field-group .elementor-field, .elementor-71 .elementor-element.elementor-element-861ce42 .elementor-field-subgroup label{font-size:var( --e-global-typography-text-font-size );}.elementor-71 .elementor-element.elementor-element-861ce42 .elementor-button{font-size:var( --e-global-typography-accent-font-size );letter-spacing:var( --e-global-typography-accent-letter-spacing );}}<\/style>\t\t<div data-elementor-type=\"wp-page\" data-elementor-id=\"71\" class=\"elementor elementor-71\" data-elementor-settings=\"{&quot;ha_cmc_init_switcher&quot;:&quot;no&quot;}\" data-elementor-post-type=\"page\">\n\t\t\t\t<div class=\"elementor-element elementor-element-33cfb49 e-flex e-con-boxed e-con e-parent\" data-id=\"33cfb49\" data-element_type=\"container\" data-e-type=\"container\" data-settings=\"{&quot;_ha_eqh_enable&quot;:false}\">\n\t\t\t\t\t<div class=\"e-con-inner\">\n\t\t\t\t<div class=\"elementor-element elementor-element-861ce42 elementor-button-align-center elementor-widget__width-inherit elementor-widget elementor-widget-form\" data-id=\"861ce42\" data-element_type=\"widget\" data-e-type=\"widget\" data-settings=\"{&quot;step_next_label&quot;:&quot;Siguiente&quot;,&quot;step_previous_label&quot;:&quot;Anterior&quot;,&quot;button_width&quot;:&quot;100&quot;,&quot;step_type&quot;:&quot;number_text&quot;,&quot;step_icon_shape&quot;:&quot;circle&quot;}\" data-widget_type=\"form.default\">\n\t\t\t\t<div class=\"elementor-widget-container\">\n\t\t\t\t\t\t\t<form class=\"elementor-form\" method=\"post\" name=\"Nuevo formulario\" aria-label=\"Nuevo formulario\">\n\t\t\t<input type=\"hidden\" name=\"post_id\" value=\"71\"\/>\n\t\t\t<input type=\"hidden\" name=\"form_id\" value=\"861ce42\"\/>\n\t\t\t<input type=\"hidden\" name=\"referer_title\" value=\"Sol\u00b7licitar pressupost Teniu un projecte? Envia&#039;ns una cita - Assist\u00e8ncia Per A Persones, transport adaptat - Assistencial Lleida\" \/>\n\n\t\t\t\t\t\t\t<input type=\"hidden\" name=\"queried_id\" value=\"71\"\/>\n\t\t\t\n\t\t\t<div class=\"elementor-form-fields-wrapper elementor-labels-above\">\n\t\t\t\t\t\t\t\t<div class=\"elementor-field-type-text elementor-field-group elementor-column elementor-field-group-name elementor-col-50 elementor-field-required elementor-mark-required\">\n\t\t\t\t\t\t\t\t\t\t\t\t<label for=\"form-field-name\" class=\"elementor-field-label\">\n\t\t\t\t\t\t\t\tName\t\t\t\t\t\t\t<\/label>\n\t\t\t\t\t\t\t\t\t\t\t\t\t\t<input size=\"1\" type=\"text\" name=\"form_fields[name]\" id=\"form-field-name\" class=\"elementor-field elementor-size-sm  elementor-field-textual\" placeholder=\"Enter Name\" required=\"required\">\n\t\t\t\t\t\t\t\t\t\t\t<\/div>\n\t\t\t\t\t\t\t\t<div class=\"elementor-field-type-email elementor-field-group elementor-column elementor-field-group-email elementor-col-50 elementor-field-required elementor-mark-required\">\n\t\t\t\t\t\t\t\t\t\t\t\t<label for=\"form-field-email\" class=\"elementor-field-label\">\n\t\t\t\t\t\t\t\tEmail\t\t\t\t\t\t\t<\/label>\n\t\t\t\t\t\t\t\t\t\t\t\t\t\t<input size=\"1\" type=\"email\" name=\"form_fields[email]\" id=\"form-field-email\" class=\"elementor-field elementor-size-sm  elementor-field-textual\" placeholder=\"Escriba su email\" required=\"required\">\n\t\t\t\t\t\t\t\t\t\t\t<\/div>\n\t\t\t\t\t\t\t\t<div class=\"elementor-field-type-tel elementor-field-group elementor-column elementor-field-group-field_ab23447 elementor-col-50 elementor-field-required elementor-mark-required\">\n\t\t\t\t\t\t\t\t\t\t\t\t<label for=\"form-field-field_ab23447\" class=\"elementor-field-label\">\n\t\t\t\t\t\t\t\tTel\u00e8fon\t\t\t\t\t\t\t<\/label>\n\t\t\t\t\t\t\t\t<input size=\"1\" type=\"tel\" name=\"form_fields[field_ab23447]\" id=\"form-field-field_ab23447\" class=\"elementor-field elementor-size-sm  elementor-field-textual\" placeholder=\"Escriviu el vostre n\u00famero de tel\u00e8fon\" required=\"required\" pattern=\"[0-9()#&amp;+*-=.]+\" title=\"Nom\u00e9s s&#039;accepten n\u00fameros i car\u00e0cters telef\u00f2nics (#, -, *, etc.).\">\n\n\t\t\t\t\t\t<\/div>\n\t\t\t\t\t\t\t\t<div class=\"elementor-field-type-date elementor-field-group elementor-column elementor-field-group-field_73bd736 elementor-col-50\">\n\t\t\t\t\t\t\t\t\t\t\t\t<label for=\"form-field-field_73bd736\" class=\"elementor-field-label\">\n\t\t\t\t\t\t\t\tData del servei\t\t\t\t\t\t\t<\/label>\n\t\t\t\t\t\t\n\t\t<input type=\"date\" name=\"form_fields[field_73bd736]\" id=\"form-field-field_73bd736\" class=\"elementor-field elementor-size-sm  elementor-field-textual elementor-date-field\" placeholder=\"Data de realitzaci\u00f3 del servei\" pattern=\"[0-9]{4}-[0-9]{2}-[0-9]{2}\">\n\t\t\t\t\t\t<\/div>\n\t\t\t\t\t\t\t\t<div class=\"elementor-field-type-textarea elementor-field-group elementor-column elementor-field-group-message elementor-col-100\">\n\t\t\t\t\t\t\t\t\t\t\t\t<label for=\"form-field-message\" class=\"elementor-field-label\">\n\t\t\t\t\t\t\t\tMissatge\t\t\t\t\t\t\t<\/label>\n\t\t\t\t\t\t<textarea class=\"elementor-field-textual elementor-field  elementor-size-sm\" name=\"form_fields[message]\" id=\"form-field-message\" rows=\"4\" placeholder=\"Escriviu la vostra sol\u00b7licitud completa al seg\u00fcent formulari\"><\/textarea>\t\t\t\t<\/div>\n\t\t\t\t\t\t\t\t<div class=\"elementor-field-type-recaptcha_v3 elementor-field-group elementor-column elementor-field-group-field_f8860bc elementor-col-100 recaptcha_v3-bottomright\">\n\t\t\t\t\t<div class=\"elementor-field\" id=\"form-field-field_f8860bc\"><\/div>\t\t\t\t<\/div>\n\t\t\t\t\t\t\t\t<div class=\"elementor-field-group elementor-column elementor-field-type-submit elementor-col-100 e-form__buttons\">\n\t\t\t\t\t<button class=\"elementor-button elementor-size-sm\" type=\"submit\">\n\t\t\t\t\t\t<span class=\"elementor-button-content-wrapper\">\n\t\t\t\t\t\t\t\t\t\t\t\t\t\t\t\t\t\t\t\t\t\t<span class=\"elementor-button-text\">Enviar<\/span>\n\t\t\t\t\t\t\t\t\t\t\t\t\t<\/span>\n\t\t\t\t\t<\/button>\n\t\t\t\t<\/div>\n\t\t\t<\/div>\n\t\t<\/form>\n\t\t\t\t\t\t<\/div>\n\t\t\t\t<\/div>\n\t\t\t\t\t<\/div>\n\t\t\t\t<\/div>\n\t\t\t\t<\/div>\n\t\t","protected":false},"excerpt":{"rendered":"","protected":false},"author":7,"featured_media":0,"parent":0,"menu_order":0,"comment_status":"closed","ping_status":"closed","template":"elementor_header_footer","meta":{"footnotes":""},"class_list":["post-71","page","type-page","status-publish","hentry"],"yoast_head":"<!-- This site is optimized with the Yoast SEO plugin v27.4 - https:\/\/yoast.com\/product\/yoast-seo-wordpress\/ -->\n<title>Sol\u00b7licitar pressupost Teniu un projecte? Envia&#039;ns una cita - Assist\u00e8ncia Per A Persones, transport adaptat - Assistencial Lleida<\/title>\n<meta name=\"robots\" content=\"noindex, follow, max-snippet:-1, max-image-preview:large, max-video-preview:-1\" \/>\n<meta property=\"og:locale\" content=\"es_ES\" \/>\n<meta property=\"og:type\" content=\"article\" \/>\n<meta property=\"og:title\" content=\"Sol\u00b7licitar pressupost Teniu un projecte? Envia&#039;ns una cita - Assist\u00e8ncia Per A Persones, transport adaptat - Assistencial Lleida\" \/>\n<meta property=\"og:url\" content=\"https:\/\/assistenciallleida.adrirodrigom2.es\/es\/uote\/\" \/>\n<meta property=\"og:site_name\" content=\"Assist\u00e8ncia Per A Persones, transport adaptat - Assistencial Lleida\" \/>\n<meta property=\"article:modified_time\" content=\"2025-07-10T06:29:11+00:00\" \/>\n<meta name=\"twitter:card\" content=\"summary_large_image\" \/>\n<meta name=\"twitter:label1\" content=\"Tiempo de lectura\" \/>\n\t<meta name=\"twitter:data1\" content=\"1 minuto\" \/>\n<script type=\"application\/ld+json\" class=\"yoast-schema-graph\">{\"@context\":\"https:\\\/\\\/schema.org\",\"@graph\":[{\"@type\":\"WebPage\",\"@id\":\"https:\\\/\\\/assistenciallleida.adrirodrigom2.es\\\/uote\\\/\",\"url\":\"https:\\\/\\\/assistenciallleida.adrirodrigom2.es\\\/uote\\\/\",\"name\":\"Sol\u00b7licitar pressupost Teniu un projecte? Envia'ns una cita - Assist\u00e8ncia Per A Persones, transport adaptat - Assistencial Lleida\",\"isPartOf\":{\"@id\":\"https:\\\/\\\/assistenciallleida.adrirodrigom2.es\\\/#website\"},\"datePublished\":\"2025-07-09T17:27:49+00:00\",\"dateModified\":\"2025-07-10T06:29:11+00:00\",\"breadcrumb\":{\"@id\":\"https:\\\/\\\/assistenciallleida.adrirodrigom2.es\\\/uote\\\/#breadcrumb\"},\"inLanguage\":\"es\",\"potentialAction\":[{\"@type\":\"ReadAction\",\"target\":[\"https:\\\/\\\/assistenciallleida.adrirodrigom2.es\\\/uote\\\/\"]}]},{\"@type\":\"BreadcrumbList\",\"@id\":\"https:\\\/\\\/assistenciallleida.adrirodrigom2.es\\\/uote\\\/#breadcrumb\",\"itemListElement\":[{\"@type\":\"ListItem\",\"position\":1,\"name\":\"Portada\",\"item\":\"https:\\\/\\\/assistenciallleida.adrirodrigom2.es\\\/\"},{\"@type\":\"ListItem\",\"position\":2,\"name\":\"Sol\u00b7licitar pressupost Teniu un projecte? Envia&#8217;ns una cita\"}]},{\"@type\":\"WebSite\",\"@id\":\"https:\\\/\\\/assistenciallleida.adrirodrigom2.es\\\/#website\",\"url\":\"https:\\\/\\\/assistenciallleida.adrirodrigom2.es\\\/\",\"name\":\"Assist\u00e8ncia Per A Persones, transport adaptat - Assistencial Lleida\",\"description\":\"\",\"potentialAction\":[{\"@type\":\"SearchAction\",\"target\":{\"@type\":\"EntryPoint\",\"urlTemplate\":\"https:\\\/\\\/assistenciallleida.adrirodrigom2.es\\\/?s={search_term_string}\"},\"query-input\":{\"@type\":\"PropertyValueSpecification\",\"valueRequired\":true,\"valueName\":\"search_term_string\"}}],\"inLanguage\":\"es\"}]}<\/script>\n<!-- \/ Yoast SEO plugin. -->","yoast_head_json":{"title":"Sol\u00b7licitar pressupost Teniu un projecte? Envia'ns una cita - Assist\u00e8ncia Per A Persones, transport adaptat - Assistencial Lleida","robots":{"index":"noindex","follow":"follow","max-snippet":"max-snippet:-1","max-image-preview":"max-image-preview:large","max-video-preview":"max-video-preview:-1"},"og_locale":"es_ES","og_type":"article","og_title":"Sol\u00b7licitar pressupost Teniu un projecte? Envia'ns una cita - Assist\u00e8ncia Per A Persones, transport adaptat - Assistencial Lleida","og_url":"https:\/\/assistenciallleida.adrirodrigom2.es\/es\/uote\/","og_site_name":"Assist\u00e8ncia Per A Persones, transport adaptat - Assistencial Lleida","article_modified_time":"2025-07-10T06:29:11+00:00","twitter_card":"summary_large_image","twitter_misc":{"Tiempo de lectura":"1 minuto"},"schema":{"@context":"https:\/\/schema.org","@graph":[{"@type":"WebPage","@id":"https:\/\/assistenciallleida.adrirodrigom2.es\/uote\/","url":"https:\/\/assistenciallleida.adrirodrigom2.es\/uote\/","name":"Sol\u00b7licitar pressupost Teniu un projecte? Envia'ns una cita - Assist\u00e8ncia Per A Persones, transport adaptat - Assistencial Lleida","isPartOf":{"@id":"https:\/\/assistenciallleida.adrirodrigom2.es\/#website"},"datePublished":"2025-07-09T17:27:49+00:00","dateModified":"2025-07-10T06:29:11+00:00","breadcrumb":{"@id":"https:\/\/assistenciallleida.adrirodrigom2.es\/uote\/#breadcrumb"},"inLanguage":"es","potentialAction":[{"@type":"ReadAction","target":["https:\/\/assistenciallleida.adrirodrigom2.es\/uote\/"]}]},{"@type":"BreadcrumbList","@id":"https:\/\/assistenciallleida.adrirodrigom2.es\/uote\/#breadcrumb","itemListElement":[{"@type":"ListItem","position":1,"name":"Portada","item":"https:\/\/assistenciallleida.adrirodrigom2.es\/"},{"@type":"ListItem","position":2,"name":"Sol\u00b7licitar pressupost Teniu un projecte? Envia&#8217;ns una cita"}]},{"@type":"WebSite","@id":"https:\/\/assistenciallleida.adrirodrigom2.es\/#website","url":"https:\/\/assistenciallleida.adrirodrigom2.es\/","name":"Assist\u00e8ncia Per A Persones, transport adaptat - Assistencial Lleida","description":"","potentialAction":[{"@type":"SearchAction","target":{"@type":"EntryPoint","urlTemplate":"https:\/\/assistenciallleida.adrirodrigom2.es\/?s={search_term_string}"},"query-input":{"@type":"PropertyValueSpecification","valueRequired":true,"valueName":"search_term_string"}}],"inLanguage":"es"}]}},"_links":{"self":[{"href":"https:\/\/assistenciallleida.adrirodrigom2.es\/es\/wp-json\/wp\/v2\/pages\/71","targetHints":{"allow":["GET"]}}],"collection":[{"href":"https:\/\/assistenciallleida.adrirodrigom2.es\/es\/wp-json\/wp\/v2\/pages"}],"about":[{"href":"https:\/\/assistenciallleida.adrirodrigom2.es\/es\/wp-json\/wp\/v2\/types\/page"}],"author":[{"embeddable":true,"href":"https:\/\/assistenciallleida.adrirodrigom2.es\/es\/wp-json\/wp\/v2\/users\/7"}],"replies":[{"embeddable":true,"href":"https:\/\/assistenciallleida.adrirodrigom2.es\/es\/wp-json\/wp\/v2\/comments?post=71"}],"version-history":[{"count":7,"href":"https:\/\/assistenciallleida.adrirodrigom2.es\/es\/wp-json\/wp\/v2\/pages\/71\/revisions"}],"predecessor-version":[{"id":504,"href":"https:\/\/assistenciallleida.adrirodrigom2.es\/es\/wp-json\/wp\/v2\/pages\/71\/revisions\/504"}],"wp:attachment":[{"href":"https:\/\/assistenciallleida.adrirodrigom2.es\/es\/wp-json\/wp\/v2\/media?parent=71"}],"curies":[{"name":"wp","href":"https:\/\/api.w.org\/{rel}","templated":true}]}}